{"id":23062,"date":"2025-09-26T07:30:30","date_gmt":"2025-09-26T05:30:30","guid":{"rendered":"https:\/\/salsacalsots.com\/comprar-calsots\/pack-seleccion-judias-350g-6-unidades\/"},"modified":"2023-12-15T12:12:51","modified_gmt":"2023-12-15T11:12:51","slug":"pack-seleccion-judias-350g-6-unidades","status":"publish","type":"product","link":"https:\/\/salsacalsots.com\/es\/comprar-calsots\/pack-seleccion-judias-350g-6-unidades\/","title":{"rendered":"Pack selecci\u00f3n Jud\u00edas 350g &#8211; 6 unidades"},"content":{"rendered":"","protected":false},"excerpt":{"rendered":"<p><strong><span style=\"color: #a8353a;\">Env\u00edos GRATUITOS<\/span> a toda la Pen\u00ednsula<\/strong><\/p>\n<p>Guarnici\u00f3n perfecta para la cal\u00e7otada. Legumbre de tama\u00f1o peque\u00f1o, textura suave y piel muy fina, tan vesatil que resulta ideal para disfrutar en ensaladas o para acompa\u00f1ar tus platos de carne. Pack compuesto de 6 unidades de jud\u00edas de 350g cada una.<\/p>\n<p>&nbsp;<\/p>\n<p>Este producto solo se puede comprar como complemento de un pack de cal\u00e7ots.<\/p>\n","protected":false},"featured_media":23061,"template":"","meta":[],"product_brand":[],"product_cat":[65],"product_tag":[],"class_list":{"0":"post-23062","1":"product","2":"type-product","3":"status-publish","4":"has-post-thumbnail","6":"product_cat-tienda-calcots","8":"first","9":"instock","10":"taxable","11":"shipping-taxable","12":"purchasable","13":"product-type-simple"},"aioseo_notices":[],"_links":{"self":[{"href":"https:\/\/salsacalsots.com\/es\/wp-json\/wp\/v2\/product\/23062","targetHints":{"allow":["GET"]}}],"collection":[{"href":"https:\/\/salsacalsots.com\/es\/wp-json\/wp\/v2\/product"}],"about":[{"href":"https:\/\/salsacalsots.com\/es\/wp-json\/wp\/v2\/types\/product"}],"wp:featuredmedia":[{"embeddable":true,"href":"https:\/\/salsacalsots.com\/es\/wp-json\/wp\/v2\/media\/23061"}],"wp:attachment":[{"href":"https:\/\/salsacalsots.com\/es\/wp-json\/wp\/v2\/media?parent=23062"}],"wp:term":[{"taxonomy":"product_brand","embeddable":true,"href":"https:\/\/salsacalsots.com\/es\/wp-json\/wp\/v2\/product_brand?post=23062"},{"taxonomy":"product_cat","embeddable":true,"href":"https:\/\/salsacalsots.com\/es\/wp-json\/wp\/v2\/product_cat?post=23062"},{"taxonomy":"product_tag","embeddable":true,"href":"https:\/\/salsacalsots.com\/es\/wp-json\/wp\/v2\/product_tag?post=23062"}],"curies":[{"name":"wp","href":"https:\/\/api.w.org\/{rel}","templated":true}]}}