{"id":495,"date":"2020-01-07T10:50:40","date_gmt":"2020-01-07T09:50:40","guid":{"rendered":"http:\/\/salsacalsots.com\/?page_id=495"},"modified":"2020-12-14T10:48:42","modified_gmt":"2020-12-14T09:48:42","slug":"politica-de-cookies","status":"publish","type":"page","link":"https:\/\/salsacalsots.com\/es\/politica-de-cookies\/","title":{"rendered":"Pol\u00edtica de cookies"},"content":{"rendered":"<div class=\"wpb-content-wrapper\"><p>[vc_row css_animation=\u00bb\u00bb row_type=\u00bbrow\u00bb use_row_as_full_screen_section=\u00bbno\u00bb type=\u00bbfull_width\u00bb angled_section=\u00bbno\u00bb text_align=\u00bbleft\u00bb background_image_as_pattern=\u00bbwithout_pattern\u00bb][vc_column][vc_column_text]<strong>\u00bfQu\u00e9 son las cookies?<\/strong><\/p>\n<p class=\"ParrafoJustificado\"><span lang=\"ES-TRAD\">Una cookie es un fichero que se descarga en su ordenador al acceder a determinadas p\u00e1ginas web. Las cookies permiten a una p\u00e1gina web, entre otras cosas, almacenar y recuperar informaci\u00f3n sobre h\u00e1bitos de navegaci\u00f3n de un usuario o de su equipo y, dependiendo de la informaci\u00f3n que contengan y de la forma que utilice su equipo, pueden utilizarse para reconocer al usuario.<\/span><\/p>\n<p><strong>\u00bfPara qu\u00e9 utiliza las cookies esta p\u00e1gina web y cu\u00e1les son?<\/strong><\/p>\n<p class=\"ParrafoJustificado\"><span lang=\"ES-TRAD\">Esta p\u00e1gina web utiliza las cookies para una serie de finalidades, incluidas:<\/span><\/p>\n<ul>\n<li>An\u00e1lisis estad\u00edstico: Las cookies estad\u00edsticas ayudan a los propietarios de p\u00e1ginas web a comprender c\u00f3mo interact\u00faan los visitantes con las p\u00e1ginas web reuniendo y proporcionando informaci\u00f3n como cuantificar el n\u00famero de usuarios y as\u00ed realizar la medici\u00f3n y an\u00e1lisis estad\u00edstico de la utilizaci\u00f3n que hacen los usuarios del servicio.<\/li>\n<li>T\u00e9cnica o necesaria: Las cookies necesarias ayudan a hacer una p\u00e1gina web utilizable activando funciones b\u00e1sicas como la navegaci\u00f3n en la p\u00e1gina y el acceso a \u00e1reas seguras de la p\u00e1gina web. Permiten por ejemplo, controlar el tr\u00e1fico y la comunicaci\u00f3n de datos, acceder a partes de acceso restringido, utilizar elementos de seguridad, almacenar contenidos para poder difundir v\u00eddeos o compartir contenidos a trav\u00e9s de redes sociales. La p\u00e1gina web no puede funcionar adecuadamente sin estas cookies.<\/li>\n<li>Publicitaria: Son aquellas que permiten la gesti\u00f3n, de forma m\u00e1s eficaz posible. Almacenan informaci\u00f3n continuada de sus h\u00e1bitos de navegaci\u00f3n (visitas repetidas a un sitio concreto, interacciones, palabras clave, producci\u00f3n de contenidos en l\u00ednea, etc.) lo que permite desarrollar un perfil espec\u00edfico para mostrar publicidad en funci\u00f3n del mismo.<\/li>\n<\/ul>\n<p class=\"ParrafoJustificado\"><span lang=\"ES-TRAD\">El detalle de las cookies utilizadas en esta p\u00e1gina web es el siguiente:<\/span><\/p>\n<table width=\"662\">\n<tbody>\n<tr>\n<td width=\"129\"><strong>Cookies<\/strong><\/td>\n<td width=\"86\"><strong>Nombre<\/strong><\/td>\n<td width=\"51\"><strong>Tipo<\/strong><\/td>\n<td width=\"145\"><strong>Prop\u00f3sito<\/strong><\/td>\n<td width=\"250\"><strong>M\u00e1s informaci\u00f3n<\/strong><\/td>\n<\/tr>\n<tr>\n<td width=\"129\">_ga<\/p>\n<p>_gat<\/td>\n<td width=\"86\">Google Analytics<\/td>\n<td width=\"51\">De terceros<\/td>\n<td width=\"145\">Recoger informaci\u00f3n sobre la navegaci\u00f3n de los usuarios por el sitio con el fin de conocer el origen de las visitas y otros datos similares a nivel estad\u00edstico. No obtiene datos de los nombres o apellidos de los usuarios ni de la direcci\u00f3n postal concreta desde donde se conectan.<\/td>\n<td width=\"250\">Google Analytics Centro de privacidad de Google: http:\/\/www.google.com\/intl\/es\/policies\/privacy\/<\/td>\n<\/tr>\n<tr>\n<td width=\"129\">_IDE<\/td>\n<td width=\"86\">Publicidad Doubleclick<\/td>\n<td width=\"51\">De terceros<\/td>\n<td width=\"145\">Se usan para mejorar la publicidad. Suelen utilizarse para orientar la publicidad seg\u00fan el contenido que es relevante para un usuario, mejorar los informes de rendimiento de la campa\u00f1a y evitar mostrar anuncios que el usuario ya haya visto.<\/td>\n<td width=\"250\">Google Analytics Centro de privacidad de Google: http:\/\/www.google.com\/intl\/es\/policies\/privacy\/<\/td>\n<\/tr>\n<tr>\n<td width=\"129\">_NID<\/td>\n<td width=\"86\">Publicidad Google<\/td>\n<td width=\"51\">De terceros<\/td>\n<td width=\"145\">Cookies de Google,\u00a0 sirven para personaliza los anuncios, por ejemplo; recordar tus b\u00fasquedas m\u00e1s recientes, tus interacciones anteriores con los resultados de b\u00fasqueda o con la publicidad de un anunciante y tus visitas al sitio web de un anunciante.<\/td>\n<td width=\"250\">Google Analytics Centro de privacidad de Google: http:\/\/www.google.com\/intl\/es\/policies\/privacy\/<\/td>\n<\/tr>\n<tr>\n<td width=\"129\">_fbp<\/p>\n<p>_fr<\/td>\n<td width=\"86\">Publicitaria Facebook<\/td>\n<td width=\"51\">De terceros<\/td>\n<td width=\"145\">Proporcionan informaci\u00f3n a Facebook para asociar la funcionalidad del conector social. Se utilizan para librar,\u00a0medir\u00a0y mejorar la relevancia de los anuncios.<\/td>\n<td width=\"250\">https:\/\/www.facebook.com\/policies\/cookies\/<\/td>\n<\/tr>\n<tr>\n<td width=\"129\">_ym_uid<\/p>\n<p>_ym_visorc_<\/p>\n<p>i<\/p>\n<p>yabs-sid<\/p>\n<p>yandexuid<\/p>\n<p>ymex<\/p>\n<p>yuidss<\/td>\n<td width=\"86\">Publicitaria Yandex<\/td>\n<td width=\"51\">De terceros<\/td>\n<td width=\"145\">Se utiliza para medir, evaluar y mejorar el rendimiento de nuestros sitios web al brindarnos informaci\u00f3n sobre c\u00f3mo los usuarios usan los sitios web.<\/p>\n<p>&nbsp;<\/td>\n<td width=\"250\">https:\/\/yandex.com\/support\/metrica\/general\/opt-out.html<\/td>\n<\/tr>\n<tr>\n<td width=\"129\">_ym_d<\/p>\n<p>&nbsp;<\/td>\n<td width=\"86\">Anal\u00edtica Yandex<\/td>\n<td width=\"51\">De terceros<\/td>\n<td width=\"145\">Yandex recopila informaci\u00f3n que nos permite comprender su interacci\u00f3n con nuestro sitio, rastrear las tasas de asistencia, para que podamos mejorar su configuraci\u00f3n de usuario<\/td>\n<td width=\"250\">https:\/\/yandex.com\/legal\/confidential\/?lang=en<\/td>\n<\/tr>\n<tr>\n<td width=\"129\">woocommerce_cart_hash<\/p>\n<p>woocommerce_items_in<\/td>\n<td width=\"86\">T\u00e9cnica<\/p>\n<p>salsacalsots.com<\/td>\n<td width=\"51\">Propia<\/td>\n<td width=\"145\">Permiten la funcionalidad de la cesta de la compra y Recoge si se han a\u00f1adido productos al carrito.<\/td>\n<td width=\"250\">En la propia p\u00e1gina web.<\/td>\n<\/tr>\n<tr>\n<td width=\"129\">cookielawinfo-checkbox-necessary<\/p>\n<p>cookielawinfo-checkbox-non-necessary<\/td>\n<td width=\"86\">T\u00e9cnica<\/p>\n<p>salsacalsots.com<\/td>\n<td width=\"51\">Propia<\/td>\n<td width=\"145\">Cookies de uso interno necesaria para el funcionamiento de la visualizaci\u00f3n de la pol\u00edtica de cookies de la web.<\/td>\n<td width=\"250\">En la propia p\u00e1gina web.<\/td>\n<\/tr>\n<tr>\n<td width=\"129\">ssupp.chatid<\/p>\n<p>ssupp.vid<\/p>\n<p>ssupp.visits<\/td>\n<td width=\"86\">T\u00e9cnica Smartsupp<\/td>\n<td width=\"51\">De terceros<\/td>\n<td width=\"145\">Guarda la informaci\u00f3n necesaria para el chat online del servicio de atenci\u00f3n al cliente.<\/td>\n<td width=\"250\">https:\/\/www.smartsupp.com\/es\/help\/privacy\/<\/td>\n<\/tr>\n<tr>\n<td width=\"129\">mailchimp_landing_site<\/td>\n<td width=\"86\">Anal\u00edtica Mailchimp<\/td>\n<td width=\"51\">De terceros<\/td>\n<td width=\"145\">Cookie necesaria para la integraci\u00f3n con el sistema de gesti\u00f3n de subscripci\u00f3n de la newsletter (Mailchimp).<\/td>\n<td width=\"250\">https:\/\/mailchimp.com\/legal\/cookies\/<\/td>\n<\/tr>\n<\/tbody>\n<\/table>\n<p>&nbsp;<\/p>\n<p class=\"ParrafoJustificado\"><span lang=\"ES-TRAD\">Nota: Las cookies de tipo &#8216;Propias&#8217; son utilizadas s\u00f3lo por el propietario de esta web y las cookies &#8216;De terceros&#8217; son utilizadas, por el prestador del servicio que est\u00e1 detallado en el cuadro anterior.<\/span><\/p>\n<p><strong>\u00bfC\u00f3mo puedo desactivar o eliminar estas cookies?<\/strong><\/p>\n<p class=\"ParrafoJustificado\"><span lang=\"ES-TRAD\">Puede usted permitir, bloquear o eliminar las cookies instaladas en su equipo mediante la configuraci\u00f3n de las opciones del navegador instalado en su ordenador:<\/span><\/p>\n<p><strong>Firefox<\/strong><\/p>\n<p>http:\/\/support.mozilla.org\/es\/kb\/habilitar-y-deshabilitar-cookies-que-los-sitios-we<\/p>\n<p><strong>Chrome<\/strong><\/p>\n<p>http:\/\/support.google.com\/chrome\/bin\/answer.py?hl=es&#038;answer=95647<\/p>\n<p><strong>Explorer<\/strong><\/p>\n<p>http:\/\/windows.microsoft.com\/es-es\/windows7\/how-to-manage-cookies-in-internet-explorer-9<\/p>\n<p><strong>Safari<\/strong><\/p>\n<p>http:\/\/support.apple.com\/kb\/ph5042<\/p>\n<p><strong>Opera<\/strong><\/p>\n<p>http:\/\/help.opera.com\/Windows\/11.50\/es-ES\/cookies.html<\/p>\n<p><strong>Otros navegadores<\/strong><\/p>\n<p>Consulte la documentaci\u00f3n del navegador que tenga instalado.<\/p>\n<p><strong>Complemento de inhabilitaci\u00f3n para navegadores de Google Analytics<\/strong><\/p>\n<p>Si desea rechazar las cookies anal\u00edticas de Google Analytics en todos los navegadores, de forma que no se env\u00ede informaci\u00f3n suya a Google Analytics, puede descargar un complemento que realiza esta funci\u00f3n desde este enlace: https:\/\/tools.google.com\/dlpage\/gaoptout.[\/vc_column_text][\/vc_column][\/vc_row]<\/p>\n<\/div>","protected":false},"excerpt":{"rendered":"<p>[vc_row css_animation=\u00bb\u00bb row_type=\u00bbrow\u00bb use_row_as_full_screen_section=\u00bbno\u00bb type=\u00bbfull_width\u00bb angled_section=\u00bbno\u00bb text_align=\u00bbleft\u00bb background_image_as_pattern=\u00bbwithout_pattern\u00bb][vc_column][vc_column_text]\u00bfQu\u00e9 son las cookies? Una cookie es un fichero que se descarga en su ordenador al acceder a determinadas p\u00e1ginas web. Las cookies permiten a una p\u00e1gina web,&#8230;<\/p>\n","protected":false},"author":1,"featured_media":0,"parent":0,"menu_order":0,"comment_status":"closed","ping_status":"closed","template":"","meta":{"footnotes":""},"class_list":["post-495","page","type-page","status-publish","hentry"],"aioseo_notices":[],"_links":{"self":[{"href":"https:\/\/salsacalsots.com\/es\/wp-json\/wp\/v2\/pages\/495","targetHints":{"allow":["GET"]}}],"collection":[{"href":"https:\/\/salsacalsots.com\/es\/wp-json\/wp\/v2\/pages"}],"about":[{"href":"https:\/\/salsacalsots.com\/es\/wp-json\/wp\/v2\/types\/page"}],"author":[{"embeddable":true,"href":"https:\/\/salsacalsots.com\/es\/wp-json\/wp\/v2\/users\/1"}],"replies":[{"embeddable":true,"href":"https:\/\/salsacalsots.com\/es\/wp-json\/wp\/v2\/comments?post=495"}],"version-history":[{"count":14,"href":"https:\/\/salsacalsots.com\/es\/wp-json\/wp\/v2\/pages\/495\/revisions"}],"predecessor-version":[{"id":11192,"href":"https:\/\/salsacalsots.com\/es\/wp-json\/wp\/v2\/pages\/495\/revisions\/11192"}],"wp:attachment":[{"href":"https:\/\/salsacalsots.com\/es\/wp-json\/wp\/v2\/media?parent=495"}],"curies":[{"name":"wp","href":"https:\/\/api.w.org\/{rel}","templated":true}]}}